{"id":165,"date":"2023-01-04T11:41:45","date_gmt":"2023-01-04T10:41:45","guid":{"rendered":"https:\/\/www.schoen-naturheilpraxis.de\/?page_id=165"},"modified":"2026-01-15T20:02:55","modified_gmt":"2026-01-15T19:02:55","slug":"impressum-2","status":"publish","type":"page","link":"https:\/\/www.schoen-naturheilpraxis.de\/?page_id=165","title":{"rendered":"Impressum"},"content":{"rendered":"\t\t<div data-elementor-type=\"wp-page\" data-elementor-id=\"165\" class=\"elementor elementor-165\">\n\t\t\t\t\t\t<section class=\"elementor-section elementor-top-section elementor-element elementor-element-68cff037 elementor-section-boxed elementor-section-height-default elementor-section-height-default\" data-id=\"68cff037\" data-element_type=\"section\" data-e-type=\"section\">\n\t\t\t\t\t\t<div class=\"elementor-container elementor-column-gap-default\">\n\t\t\t\t\t<div class=\"elementor-column elementor-col-100 elementor-top-column elementor-element elementor-element-5d2d279d\" data-id=\"5d2d279d\" data-element_type=\"column\" data-e-type=\"column\">\n\t\t\t<div class=\"elementor-widget-wrap elementor-element-populated\">\n\t\t\t\t\t\t<div class=\"elementor-element elementor-element-2b9070b3 elementor-widget elementor-widget-text-editor\" data-id=\"2b9070b3\" data-element_type=\"widget\" data-e-type=\"widget\" data-widget_type=\"text-editor.default\">\n\t\t\t\t<div class=\"elementor-widget-container\">\n\t\t\t\t\t\t\t\t\t<p><!-- \/wp:preformatted --><!-- wp:preformatted {\"fontSize\":\"medium\"} --><\/p>\n<div>\n<p><b>Impressum<\/b><\/p>\n<p>Naturheilpraxis Cornelia Sch\u00f6n<br>Am S\u00e4gewerk 3a<br>55499 Riesweiler<\/p>\n<p><b>Telefon: <\/b>06761 965588<br><b>Telefax: <\/b><br><b>Email: <\/b>info@schoen-naturheilpraxis.de<\/p>\n<p><b>Verantwortlich f\u00fcr die Homepage: <\/b>Cornelia Sch\u00f6n<\/p>\n<p><b>Gesetzliche Berufsbezeichnung: <\/b>Heilpraktiker (verliehen in der Bundesrepublik Deutschland)<\/p>\n<p><b>Zust\u00e4ndige Aufsichtsbeh\u00f6rde: <\/b>Simmern<\/p>\n<p><b>Tag der amts\u00e4rztlichen \u00dcberpr\u00fcfung: <\/b>25.01.2000<br><b>Beh\u00f6rdliche Erlaubnis durch Gesundheitsamt in: <\/b>Husum<\/p>\n<p><b>Erg\u00e4nzende Angaben<\/b><\/p>\n<p><b>Berufsordnung: <\/b>Nachzulesen im Internet unter <a href=\"http:\/\/www.bdh-online.de\/178.0.html\" target=\"_blank\" rel=\"noopener\">http:\/\/www.bdh-online.de\/178.0.html <\/a><\/p>\n<p><b>Rechtsgrundlage der Heilpraktikert\u00e4tigkeit, Heilpraktikergesetz und Durchf\u00fchrungsverordnung:<\/b> Nachzulesen im Internet unter <a href=\"http:\/\/www.gesetze-im-internet.de\/heilprg\/index.html\" target=\"_blank\" rel=\"noopener\">http:\/\/www.gesetze-im-internet.de\/heilprg\/index.html<\/a> und <a href=\"http:\/\/www.gesetze-im-internet.de\/heilprgdv_1\/index.html\" target=\"_blank\" rel=\"noopener\">http:\/\/www.gesetze-im-internet.de\/heilprgdv_1\/index.html<\/a><\/p>\n<p><b>Internet Disclaimer \/ Haftungsausschlu\u00df<\/b><\/p>\n<p>Wir begr\u00fc\u00dfen jeden Interessierten auf unserer Homepage.<\/p>\n<p>Wir weisen darauf hin, dass sich diese Homepage und s\u00e4mtliche Informationen auf der Homepage nach deutschem Recht richtet. Jeder Benutzer, welcher \u00fcber diesen Disclaimer hinweggeht, um auf unseren einzelnen Seiten Zugriff zu nehmen, erkennt mit dem Weiterbl\u00e4ttern der Seite an, dass sich die Beziehung zwischen ihm und uns ausschlie\u00dflich nach deutschem Recht richtet.<\/p>\n<p>Vorsorglich weisen wir darauf hin, dass die von uns abgegebenen Informationen auf der Homepage nicht genutzt werden k\u00f6nnen, um Krankheiten oder Leiden selbst zu erkennen und therapieren.<\/p>\n<p>F\u00fcr die Vollst\u00e4ndigkeit oder Richtigkeit der Informationen auf dieser Homepage k\u00f6nnen wir keine Garantie \u00fcbernehmen.<\/p>\n<p>Wir k\u00f6nnen nicht ausschlie\u00dfen, dass unsere Internetseiten auch Informationen durch Dritte aufweisen. F\u00fcr diese Informationen k\u00f6nnen wir keine Haftung \u00fcbernehmen. Dies gilt vor allem auch f\u00fcr Links zu anderen Hompages, die wir zwar immer wieder daraufhin \u00fcberpr\u00fcfen, ob sie rechtswidrige Inhalte enthalten, aber keine Gew\u00e4hr daf\u00fcr leisten k\u00f6nnen. Die Inhalte dieser Seiten stellen nicht unsere Meinung dar, die Links werden nur zur Verbesserung der Informationsvielfalt ver\u00f6ffentlicht.<\/p>\n<p>S\u00e4mtliche Texte und Grafiken auf unseren Homepages sind urheberrechtlich oder durch sonstige Schutzrechte gesch\u00fctzt. Der Gebrauch oder die Vervielf\u00e4ltigung dieser Grafiken und Texte ist ohne die vorherige schriftliche Genehmigung durch uns nicht gestattet. Insbesondere werden wir es nicht gestatten, dass Produktbezeichnungen, welche grunds\u00e4tzlich Markenschutz genie\u00dfen, von Dritten gebraucht werden.<\/p>\n<p>Um die Internetseite aktuell halten zu k\u00f6nnen, werden wir selbstverst\u00e4ndlich die Texte gegebenenfalls \u00e4ndern und \/ oder erg\u00e4nzen. Eine Haftung aus dem Inhalt der Internetseiten ergibt sich nicht.<\/p>\n<\/div>\n<div>\n<h4>Datenschutz<\/h4>\n<p>Wir, die Betreiber dieser Homepage sch\u00fctzen Ihre pers\u00f6nlichen Daten gewissenhaft und befolgen dabei alle Bestimmungen der Datenschutzgesetze. Personenbezogene Daten werden auf dieser Webseite nur soweit erhoben, wies es technisch f\u00fcr statistische Zwecke notwendig ist.. Wir werden die tempor\u00e4r gespeicherten Daten weder verkaufen noch aus anderen Gr\u00fcnden an Dritte weitergegeben.<\/p>\n<p>Sie k\u00f6nnen sich hier dar\u00fcber informieren, welche Daten erhoben werden, was wir mit diesen Daten machen und wie wir Ihren Schutz sicherstellen.<\/p>\n<ul type=\"disc\">\n<li><b>Wie gehen wir mit Ihren Daten um?<\/b><\/li>\n<\/ul>\n<p>Ihr Browser \u00fcbermittelt von sich aus automatisch die folgend aufgelisteten Daten, die wir ebenso automatisiert tempor\u00e4r in einer Datenbank auf unserem Server abspeichern:<\/p>\n<ul type=\"disc\">\n<li>Browsertyp und Version<\/li>\n<li>Das von Ihnen verwendete Betriebssystem<\/li>\n<li>Referrer URL (die von Ihnen zuletzt besuchte Seite)<\/li>\n<li>Hostname des zugreifenden Rechners (IP Adresse)<\/li>\n<li>Uhrzeit des Aufrufs unserer Seite, je nach Einstellung auch der Tag.<\/li>\n<\/ul>\n<p>Wir k\u00f6nnen diese Daten nicht einzelnen Personen zuordnen, sie bleiben f\u00fcr uns anonym. Wir f\u00fchren diese Daten auch nicht mit Daten aus anderen Quellen zusammen, sie dienen ausschlie\u00dflich statistischen Zwecken, um die Besuchsh\u00e4ufigkeit und das Navigieren in dieser Homepage analysieren zu k\u00f6nnen, die Daten werden nach jeder statistischen Auswertung gel\u00f6scht.<\/p>\n<ul type=\"disc\">\n<li><b>Cookies<\/b><\/li>\n<\/ul>\n<p>Diese Homepage verwendet keine Cookies.<\/p>\n<ul type=\"disc\">\n<li><b>Wie organisieren wir Newsletter und Kontakt<\/b><b><\/b><\/li>\n<\/ul>\n<p>Im Fachbereich, soweit dieser auf unserer Homepage eingerichtet wird, &nbsp;werden weitere Daten abgefragt, vor allem Ihren beruflichen Status und zur Verifizierung einer angegebenen Adresse auch eine g\u00fcltige E-Mailadresse. Hierzu sind wir nach den Bestimmungen des HWG (Heilmittelwerbegesetz) verpflichtet, weil bestimmte Informationen nur dem Fachpublikum zug\u00e4nglich gemacht werden d\u00fcrfen.<\/p>\n<p>Ihre Einwilligung zur Speicherung der Daten, der Email-Adresse sowie deren Nutzung zum Versand des Newsletters, so wir diesen anbieten, k\u00f6nnen Sie jederzeit widerrufen.<\/p>\n<ul type=\"disc\">\n<li><b>Wie k\u00f6nnen Sie sich weiter informieren?<\/b><\/li>\n<\/ul>\n<p>Sie k\u00f6nnen jederzeit alle \u00fcber sie aktuell gespeicherte Daten, historische Daten werden periodisch gel\u00f6scht, abfragen. Dabei k\u00f6nnen Sie die Herkunft der Daten erfahren, ob von uns abgefragt, oder von Ihnen geliefert und erhalten ebenso Auskunft \u00fcber den Zweck der Speicherung. Dieses Recht auf Auskunft ist uneingeschr\u00e4nkt, sie k\u00f6nnen es durch eine Mail an die Betreiber (siehe Kontakt) jederzeit wahrnehmen.<\/p>\n<p>Wenn Sie weitere Fragen in Bezug auf die Speicherung und Verwendung Ihrer personenbezogenen Daten haben, oder Fragen auftreten, die \u00fcber den Umfang dieser Datenschutzerkl\u00e4rung hinausgehen, wenden Sie sich bitte vertrauensvoll an uns. Wir stehen Ihnen jederzeit zur Auskunft und Erl\u00e4uterung zur Verf\u00fcgung.<\/p>\n<\/div><p><!-- \/wp:preformatted --><\/p>\t\t\t\t\t\t\t\t<\/div>\n\t\t\t\t<\/div>\n\t\t\t\t\t<\/div>\n\t\t<\/div>\n\t\t\t\t\t<\/div>\n\t\t<\/section>\n\t\t\t\t<\/div>\n\t\t","protected":false},"excerpt":{"rendered":"<p>Impressum Naturheilpraxis Cornelia Sch\u00f6nAm S\u00e4gewerk 3a55499 Riesweiler Telefon: 06761 965588Telefax: Email: info@schoen-naturheilpraxis.de Verantwortlich f\u00fcr die Homepage: Cornelia Sch\u00f6n Gesetzliche Berufsbezeichnung: Heilpraktiker (verliehen in der Bundesrepublik Deutschland) Zust\u00e4ndige Aufsichtsbeh\u00f6rde: Simmern Tag der amts\u00e4rztlichen \u00dcberpr\u00fcfung: 25.01.2000Beh\u00f6rdliche Erlaubnis durch Gesundheitsamt in: Husum Erg\u00e4nzende Angaben Berufsordnung: Nachzulesen im Internet unter http:\/\/www.bdh-online.de\/178.0.html Rechtsgrundlage der Heilpraktikert\u00e4tigkeit, Heilpraktikergesetz und Durchf\u00fchrungsverordnung: Nachzulesen im Internet unter http:\/\/www.gesetze-im-internet.de\/heilprg\/index.html und http:\/\/www.gesetze-im-internet.de\/heilprgdv_1\/index.html Internet Disclaimer \/ Haftungsausschlu\u00df Wir begr\u00fc\u00dfen jeden Interessierten auf unserer Homepage. Wir weisen darauf hin, dass sich diese Homepage und s\u00e4mtliche Informationen auf der Homepage nach deutschem Recht richtet. Jeder Benutzer, welcher \u00fcber diesen Disclaimer hinweggeht, um auf unseren einzelnen Seiten Zugriff zu nehmen, erkennt mit dem Weiterbl\u00e4ttern der Seite an, dass sich die Beziehung zwischen ihm und uns ausschlie\u00dflich nach deutschem Recht richtet. Vorsorglich weisen wir darauf hin, dass die von uns abgegebenen Informationen auf der Homepage nicht genutzt werden k\u00f6nnen, um Krankheiten oder Leiden selbst zu erkennen und therapieren. F\u00fcr die Vollst\u00e4ndigkeit oder Richtigkeit der Informationen auf dieser Homepage k\u00f6nnen wir keine Garantie \u00fcbernehmen. Wir k\u00f6nnen nicht ausschlie\u00dfen, dass unsere Internetseiten auch Informationen durch Dritte aufweisen. F\u00fcr diese Informationen k\u00f6nnen wir keine Haftung \u00fcbernehmen. Dies gilt vor allem auch f\u00fcr Links zu anderen Hompages, die wir zwar immer wieder daraufhin \u00fcberpr\u00fcfen, ob sie rechtswidrige Inhalte enthalten, aber keine Gew\u00e4hr daf\u00fcr leisten k\u00f6nnen. Die Inhalte dieser Seiten stellen nicht unsere Meinung dar, die Links werden nur zur Verbesserung der Informationsvielfalt ver\u00f6ffentlicht. S\u00e4mtliche Texte und Grafiken auf unseren Homepages sind urheberrechtlich oder durch sonstige Schutzrechte gesch\u00fctzt. Der Gebrauch oder die Vervielf\u00e4ltigung dieser Grafiken und Texte ist ohne die vorherige schriftliche Genehmigung durch uns nicht gestattet. Insbesondere werden wir es nicht gestatten, dass Produktbezeichnungen, welche grunds\u00e4tzlich Markenschutz genie\u00dfen, von Dritten gebraucht werden. Um die Internetseite aktuell halten zu k\u00f6nnen, werden wir selbstverst\u00e4ndlich die Texte gegebenenfalls \u00e4ndern und \/ oder erg\u00e4nzen. Eine Haftung aus dem Inhalt der Internetseiten ergibt sich nicht. Datenschutz Wir, die Betreiber dieser Homepage sch\u00fctzen Ihre pers\u00f6nlichen Daten gewissenhaft und befolgen dabei alle Bestimmungen der Datenschutzgesetze. Personenbezogene Daten werden auf dieser Webseite nur soweit erhoben, wies es technisch f\u00fcr statistische Zwecke notwendig ist.. Wir werden die tempor\u00e4r gespeicherten Daten weder verkaufen noch aus anderen Gr\u00fcnden an Dritte weitergegeben. Sie k\u00f6nnen sich hier dar\u00fcber informieren, welche Daten erhoben werden, was wir mit diesen Daten machen und wie wir Ihren Schutz sicherstellen. Wie gehen wir mit Ihren Daten um? Ihr Browser \u00fcbermittelt von sich aus automatisch die folgend aufgelisteten Daten, die wir ebenso automatisiert tempor\u00e4r in einer Datenbank auf unserem Server abspeichern: Browsertyp und Version Das von Ihnen verwendete Betriebssystem Referrer URL (die von Ihnen zuletzt besuchte Seite) Hostname des zugreifenden Rechners (IP Adresse) Uhrzeit des Aufrufs unserer Seite, je nach Einstellung auch der Tag. Wir k\u00f6nnen diese Daten nicht einzelnen Personen zuordnen, sie bleiben f\u00fcr uns anonym. Wir f\u00fchren diese Daten auch nicht mit Daten aus anderen Quellen zusammen, sie dienen ausschlie\u00dflich statistischen Zwecken, um die Besuchsh\u00e4ufigkeit und das Navigieren in dieser Homepage analysieren zu k\u00f6nnen, die Daten werden nach jeder statistischen Auswertung gel\u00f6scht. Cookies Diese Homepage verwendet keine Cookies. Wie organisieren wir Newsletter und Kontakt Im Fachbereich, soweit dieser auf unserer Homepage eingerichtet wird, &nbsp;werden weitere Daten abgefragt, vor allem Ihren beruflichen Status und zur Verifizierung einer angegebenen Adresse auch eine g\u00fcltige E-Mailadresse. Hierzu sind wir nach den Bestimmungen des HWG (Heilmittelwerbegesetz) verpflichtet, weil bestimmte Informationen nur dem Fachpublikum zug\u00e4nglich gemacht werden d\u00fcrfen. Ihre Einwilligung zur Speicherung der Daten, der Email-Adresse sowie deren Nutzung zum Versand des Newsletters, so wir diesen anbieten, k\u00f6nnen Sie jederzeit widerrufen. Wie k\u00f6nnen Sie sich weiter informieren? Sie k\u00f6nnen jederzeit alle \u00fcber sie aktuell gespeicherte Daten, historische Daten werden periodisch gel\u00f6scht, abfragen. Dabei k\u00f6nnen Sie die Herkunft der Daten erfahren, ob von uns abgefragt, oder von Ihnen geliefert und erhalten ebenso Auskunft \u00fcber den Zweck der Speicherung. Dieses Recht auf Auskunft ist uneingeschr\u00e4nkt, sie k\u00f6nnen es durch eine Mail an die Betreiber (siehe Kontakt) jederzeit wahrnehmen. Wenn Sie weitere Fragen in Bezug auf die Speicherung und Verwendung Ihrer personenbezogenen Daten haben, oder Fragen auftreten, die \u00fcber den Umfang dieser Datenschutzerkl\u00e4rung hinausgehen, wenden Sie sich bitte vertrauensvoll an uns. Wir stehen Ihnen jederzeit zur Auskunft und Erl\u00e4uterung zur Verf\u00fcgung.<\/p>\n","protected":false},"author":1,"featured_media":0,"parent":0,"menu_order":6,"comment_status":"closed","ping_status":"closed","template":"","meta":{"footnotes":""},"class_list":["post-165","page","type-page","status-publish","hentry"],"_links":{"self":[{"href":"https:\/\/www.schoen-naturheilpraxis.de\/index.php?rest_route=\/wp\/v2\/pages\/165","targetHints":{"allow":["GET"]}}],"collection":[{"href":"https:\/\/www.schoen-naturheilpraxis.de\/index.php?rest_route=\/wp\/v2\/pages"}],"about":[{"href":"https:\/\/www.schoen-naturheilpraxis.de\/index.php?rest_route=\/wp\/v2\/types\/page"}],"author":[{"embeddable":true,"href":"https:\/\/www.schoen-naturheilpraxis.de\/index.php?rest_route=\/wp\/v2\/users\/1"}],"replies":[{"embeddable":true,"href":"https:\/\/www.schoen-naturheilpraxis.de\/index.php?rest_route=%2Fwp%2Fv2%2Fcomments&post=165"}],"version-history":[{"count":23,"href":"https:\/\/www.schoen-naturheilpraxis.de\/index.php?rest_route=\/wp\/v2\/pages\/165\/revisions"}],"predecessor-version":[{"id":743,"href":"https:\/\/www.schoen-naturheilpraxis.de\/index.php?rest_route=\/wp\/v2\/pages\/165\/revisions\/743"}],"wp:attachment":[{"href":"https:\/\/www.schoen-naturheilpraxis.de\/index.php?rest_route=%2Fwp%2Fv2%2Fmedia&parent=165"}],"curies":[{"name":"wp","href":"https:\/\/api.w.org\/{rel}","templated":true}]}}